{"id":1252,"date":"2021-08-09T20:29:20","date_gmt":"2021-08-09T20:29:20","guid":{"rendered":"https:\/\/fragancelight.test.browwwin.com\/?page_id=1252"},"modified":"2021-08-09T20:29:22","modified_gmt":"2021-08-09T20:29:22","slug":"payment","status":"publish","type":"page","link":"https:\/\/fragrancelight.com\/es\/payment\/","title":{"rendered":"Pago"},"content":{"rendered":"<p>FRAGRANCE LIGHT acepta las siguientes formas de pago: Visa, Mastercard, American Express, Discover y Paypal.&nbsp;<\/p>\n\n\n\n<h4 class=\"wp-block-heading\">POL\u00cdTICAS DE PEDIDOS EN L\u00cdNEA<\/h4>\n\n\n\n<p>Despu\u00e9s de realizar un pedido, recibir\u00e1 una notificaci\u00f3n por correo electr\u00f3nico de la preautorizaci\u00f3n de los fondos asegurados por FRAGRANCE LIGHT, para su compra en l\u00ednea. Esta preautorizaci\u00f3n asegura y asegura que se mantenga la cantidad correcta de fondos para la compra en l\u00ednea, antes de procesar los pedidos para el env\u00edo.<\/p>\n\n\n\n<p>Los art\u00edculos NO SER\u00c1N cargados a su tarjeta de cr\u00e9dito por su pedido en l\u00ednea, hasta que su pedido sea procesado para su env\u00edo por FRAGRANCE LIGHT. Debe tener una direcci\u00f3n de correo electr\u00f3nico exacta en el archivo para recibir una notificaci\u00f3n de env\u00edo por correo electr\u00f3nico. Si no se ingresa una direcci\u00f3n de correo electr\u00f3nico, o se ingresa una direcci\u00f3n de correo electr\u00f3nico incorrecta, NO recibir\u00e1 notificaci\u00f3n del env\u00edo de su pedido.<\/p>\n\n\n\n<p><strong><strong>** Excepci\u00f3n a la pol\u00edtica de autorizaci\u00f3n previa para pedidos<\/strong><\/strong><\/p>\n\n\n\n<p>Durante los per\u00edodos en los que nuestro almac\u00e9n est\u00e1 cerrado por m\u00e1s de 5 d\u00edas h\u00e1biles, los pedidos se pagar\u00e1n por adelantado y se enviar\u00e1n en una fecha posterior.&nbsp;<\/p>\n\n\n\n<p class=\"translation-block\">FRAGRANCE LIGHT <strong>no es responsable de los errores de entrada de datos por parte de las personas que realizan pedidos en l\u00ednea.<\/strong><\/p>","protected":false},"excerpt":{"rendered":"<p>FRAGRANCE LIGHT accepts the following forms of payment: Visa, Mastercard, American Express, Discover, and Paypal.&nbsp; ONLINE ORDER POLICIES After placing an order, you will receive email notification of pre-authorization of secured funds by FRAGRANCE LIGHT, for your online purchase. This pre-authorization insures and secures that the correct amount of funds are held for the online [&hellip;]<\/p>\n","protected":false},"author":1,"featured_media":0,"parent":0,"menu_order":0,"comment_status":"closed","ping_status":"closed","template":"","meta":{"site-sidebar-layout":"default","site-content-layout":"default","ast-site-content-layout":"default","site-content-style":"default","site-sidebar-style":"default","ast-global-header-display":"","ast-banner-title-visibility":"","ast-main-header-display":"","ast-hfb-above-header-display":"","ast-hfb-below-header-display":"","ast-hfb-mobile-header-display":"","site-post-title":"","ast-breadcrumbs-content":"","ast-featured-img":"","footer-sml-layout":"","ast-disable-related-posts":"","theme-transparent-header-meta":"default","adv-header-id-meta":"","stick-header-meta":"","header-above-stick-meta":"","header-main-stick-meta":"","header-below-stick-meta":"","astra-migrate-meta-layouts":"default","ast-page-background-enabled":"default","ast-page-background-meta":{"desktop":{"background-color":"","background-image":"","background-repeat":"repeat","background-position":"center center","background-size":"auto","background-attachment":"scroll","background-type":"","background-media":"","overlay-type":"","overlay-color":"","overlay-opacity":"","overlay-gradient":""},"tablet":{"background-color":"","background-image":"","background-repeat":"repeat","background-position":"center center","background-size":"auto","background-attachment":"scroll","background-type":"","background-media":"","overlay-type":"","overlay-color":"","overlay-opacity":"","overlay-gradient":""},"mobile":{"background-color":"","background-image":"","background-repeat":"repeat","background-position":"center center","background-size":"auto","background-attachment":"scroll","background-type":"","background-media":"","overlay-type":"","overlay-color":"","overlay-opacity":"","overlay-gradient":""}},"ast-content-background-meta":{"desktop":{"background-color":"var(--ast-global-color-5)","background-image":"","background-repeat":"repeat","background-position":"center center","background-size":"auto","background-attachment":"scroll","background-type":"","background-media":"","overlay-type":"","overlay-color":"","overlay-opacity":"","overlay-gradient":""},"tablet":{"background-color":"var(--ast-global-color-5)","background-image":"","background-repeat":"repeat","background-position":"center center","background-size":"auto","background-attachment":"scroll","background-type":"","background-media":"","overlay-type":"","overlay-color":"","overlay-opacity":"","overlay-gradient":""},"mobile":{"background-color":"var(--ast-global-color-5)","background-image":"","background-repeat":"repeat","background-position":"center center","background-size":"auto","background-attachment":"scroll","background-type":"","background-media":"","overlay-type":"","overlay-color":"","overlay-opacity":"","overlay-gradient":""}},"footnotes":""},"class_list":["post-1252","page","type-page","status-publish","hentry"],"_links":{"self":[{"href":"https:\/\/fragrancelight.com\/es\/wp-json\/wp\/v2\/pages\/1252","targetHints":{"allow":["GET"]}}],"collection":[{"href":"https:\/\/fragrancelight.com\/es\/wp-json\/wp\/v2\/pages"}],"about":[{"href":"https:\/\/fragrancelight.com\/es\/wp-json\/wp\/v2\/types\/page"}],"author":[{"embeddable":true,"href":"https:\/\/fragrancelight.com\/es\/wp-json\/wp\/v2\/users\/1"}],"replies":[{"embeddable":true,"href":"https:\/\/fragrancelight.com\/es\/wp-json\/wp\/v2\/comments?post=1252"}],"version-history":[{"count":1,"href":"https:\/\/fragrancelight.com\/es\/wp-json\/wp\/v2\/pages\/1252\/revisions"}],"predecessor-version":[{"id":1253,"href":"https:\/\/fragrancelight.com\/es\/wp-json\/wp\/v2\/pages\/1252\/revisions\/1253"}],"wp:attachment":[{"href":"https:\/\/fragrancelight.com\/es\/wp-json\/wp\/v2\/media?parent=1252"}],"curies":[{"name":"wp","href":"https:\/\/api.w.org\/{rel}","templated":true}]}}